{"id":251,"date":"2021-08-09T13:55:36","date_gmt":"2021-08-09T11:55:36","guid":{"rendered":"https:\/\/nutri.studiogastro.ch\/?page_id=251"},"modified":"2025-11-05T14:08:19","modified_gmt":"2025-11-05T13:08:19","slug":"sostituti-nutrizionali-orali","status":"publish","type":"page","link":"https:\/\/nutri.studiogastro.ch\/?page_id=251","title":{"rendered":"Sostituti nutrizionali"},"content":{"rendered":"\n<p><strong>Acronimo<\/strong>: SNO, Sostituti Nutrizionali Orali.<\/p>\n\n\n\n<figure class=\"wp-block-image size-full\"><img loading=\"lazy\" decoding=\"async\" width=\"150\" height=\"150\" src=\"https:\/\/nutri.studiogastro.ch\/wp-content\/uploads\/2021\/08\/Bicchiere-con-cannuccia-e1630338810182.png\" alt=\"\" class=\"wp-image-482\"\/><\/figure>\n\n\n\n<p>Quando l\u2019alimentazione non copre&nbsp;i fabbisogni nutrizionali individuali, per questioni di salute, o di terapia medica (es. intervento chirurgico,\u2026), oppure dopo un periodo di difficolt\u00e0 digestive (restringimenti del tubo digerente, digiuno prolungato), potrebbe essere utile integrare alla propria alimentazione un \u201caiuto\u201d supplementare con prodotti adatti.<\/p>\n\n\n\n<p>I SNO aiutano a:<\/p>\n\n\n\n<ul>\n<li>Stabilizzare il peso.<\/li>\n\n\n\n<li>Coprire un fabbisogno aumentato in sostanze nutritive.<\/li>\n\n\n\n<li>Prevenire possibili carenze nutrizionali.<\/li>\n\n\n\n<li>Favorire le proprie difese immunitarie e la cicatrizzazione dei tessuti danneggiati.<\/li>\n\n\n\n<li>Evitare il rischio di infezioni in caso di debolezza.<\/li>\n<\/ul>\n\n\n\n<figure class=\"wp-block-image size-full\"><img loading=\"lazy\" decoding=\"async\" width=\"150\" height=\"150\" src=\"https:\/\/nutri.studiogastro.ch\/wp-content\/uploads\/2021\/08\/Bottiglia-con-tappo.-e1630336716588.png\" alt=\"\" class=\"wp-image-367\"\/><\/figure>\n\n\n\n<p><strong>In quale formato?<\/strong><\/p>\n\n\n\n<ul>\n<li>In polvere proteiche, in barattolo con dosatore, in bustine monodose.<\/li>\n\n\n\n<li>In pratiche bottigliette di diverse dimensioni, da 125 ml (compatti) a 200 ml. Troviamo numerosi aromi: dal classico aroma alla vaniglia e al cioccolato, all\u2019 aroma di frutta o di frutta esotica, all\u2019aroma di nocciola o di caramello ed amche gusto neutro.<\/li>\n\n\n\n<li>In creme, in budini, in minestre in polvere (bustine).<\/li>\n\n\n\n<li>In polveri di carboidrati facilmente digeribili, le maltodestrine.<\/li>\n<\/ul>\n\n\n\n<figure class=\"wp-block-image size-full\"><img loading=\"lazy\" decoding=\"async\" width=\"150\" height=\"150\" src=\"https:\/\/nutri.studiogastro.ch\/wp-content\/uploads\/2021\/08\/Farmacia-e1630338866848.png\" alt=\"\" class=\"wp-image-485\"\/><\/figure>\n\n\n\n<p><strong>Dove si acquistano<\/strong><\/p>\n\n\n\n<p>I SNO&nbsp;&nbsp;sono in vendita principalmente in farmacia e nelle parafarmacie.<\/p>\n\n\n\n<p>In caso di carenze nutrizionali, l\u2019indicazione medica ed il nullaosta dell\u2019ufficio competente, la&nbsp;<strong>Cassa Malati<\/strong> copre i costi per i prodotti misti (cio\u00e8 non un solo ingrediente). Il medico compila degli appositi formulari online che vengono inviati con la richiesta. In caso affermativo, i prodotti vengono recapitati al proprio domicilio via gruppi farmaceutici di distribuzione (es. Home care, Farmadomo).<\/p>\n\n\n\n<p><strong>Alcuni prodotti si acquistano in farmacia senza ricetta medica<\/strong>, come ad esempio le polveri di proteine facilmente assimilabili, in inglese le whey protein.<\/p>\n\n\n\n<p>\u00c8 preferibile acquistare la prima confezione con aromi misti, per testare i vostri gusti . Se il prodotto aromatizzato non dovesse corrispondere ai propri gusti, si pu\u00f2 acquistare la polvere o il liquido con il gusto \u201cneutro\u201d ed aggiungere un aroma.<\/p>\n\n\n\n<figure class=\"wp-block-image size-full\"><img loading=\"lazy\" decoding=\"async\" width=\"150\" height=\"150\" src=\"https:\/\/nutri.studiogastro.ch\/wp-content\/uploads\/2021\/08\/Ingredienti-lista-e1630338909276.png\" alt=\"\" class=\"wp-image-486\"\/><\/figure>\n\n\n\n<p><strong>Quali ingredienti ?<\/strong><\/p>\n\n\n\n<p>Le formule contengono i nutrienti in formulazione facilmente digeribile.<\/p>\n\n\n\n<p>In generale, contengono:&nbsp;<\/p>\n\n\n\n<ul>\n<li>Proteine del latte e per la versione vegana, proteine estratte dai piselli, dalla soia, dalla canapa, dal riso e dai semi oleaginosi&nbsp;(girasole,&#8230;).<\/li>\n\n\n\n<li>Minerali.&nbsp;<\/li>\n\n\n\n<li>Vitamine.&nbsp;<\/li>\n\n\n\n<li>Acidi grassi polinsaturi, Omega 3.<\/li>\n\n\n\n<li>TCM (trigliceridi a catena media), grassi facilmente assimilabili.&nbsp;<\/li>\n\n\n\n<li>Fibre alimentari e prebiotiche.&nbsp;<\/li>\n\n\n\n<li>Particolari aminoacidi essenziali.<\/li>\n<\/ul>\n\n\n\n<p>I prodotti sono quasi tutti poveri in lattosio e senza glutine. I prodotti vegani sono privi di lattosio.<\/p>\n\n\n\n<figure class=\"wp-block-image size-full\"><img loading=\"lazy\" decoding=\"async\" width=\"150\" height=\"150\" src=\"https:\/\/nutri.studiogastro.ch\/wp-content\/uploads\/2021\/08\/Fabbisogno-scheda.-e1630336826430.png\" alt=\"\" class=\"wp-image-377\"\/><\/figure>\n\n\n\n<p><strong>Ampia scelta con indicazioni differenti<\/strong><\/p>\n\n\n\n<p>Le formule in commercio sono suddivise per composizione, ad esempio se energetiche e iperproteiche oppure con l\u2019indicazione medica in funzione della patologia.<\/p>\n\n\n\n<p>Il medico prescrive l\u2019integratore e con la dietista, in funzione dei gusti e delle abitudini alimentari, si possono ricevere le indicazioni pratiche per l\u2019utilizzo e l\u2019integrazione nel proprio menu.<\/p>\n\n\n\n<figure class=\"wp-block-image size-full\"><img loading=\"lazy\" decoding=\"async\" width=\"150\" height=\"150\" src=\"https:\/\/nutri.studiogastro.ch\/wp-content\/uploads\/2021\/08\/frustino-cucina-e1630338975669.png\" alt=\"\" class=\"wp-image-488\"\/><\/figure>\n\n\n\n<figure class=\"wp-block-image size-full\"><img loading=\"lazy\" decoding=\"async\" width=\"150\" height=\"150\" src=\"https:\/\/nutri.studiogastro.ch\/wp-content\/uploads\/2021\/08\/Contenitore-misurato-e1630339007231.png\" alt=\"\" class=\"wp-image-489\"\/><\/figure>\n\n\n\n<p><strong>Consigli per l\u2019uso<\/strong><\/p>\n\n\n\n<p>Si possono consumare modificando il gusto con l\u2019aggiunta di aromi naturali se preparati in casa, ad esempio a scelta:<\/p>\n\n\n\n<ul>\n<li>1 cucchiaio di caff\u00e8 solubile (decaffeinato).<\/li>\n\n\n\n<li>1 cucchiaio di purea di frutta: banana oppure mela oppure pesca.<\/li>\n\n\n\n<li>1 cucchiaio di purea di frutta gi\u00e0 pronta, ad esempio purea per bambini con tappo richiudibile.<\/li>\n\n\n\n<li>1 cucchiaino di polvere di cannella.<\/li>\n\n\n\n<li>1 cucchiaino di cacao in polvere.<\/li>\n\n\n\n<li>1 cucchiaio di yogurt.<\/li>\n\n\n\n<li>1 cucchiaino di sciroppo di menta.<\/li>\n\n\n\n<li>Utilizzare uno shaker oppure un frustino ed un bicchiere alto.<\/li>\n<\/ul>\n\n\n\n<p>Le ditte forniscono ricettari per realizzare un prodotto personalizzato, anche un gelato!&nbsp;<\/p>\n\n\n\n<figure class=\"wp-block-image size-full\"><img loading=\"lazy\" decoding=\"async\" width=\"150\" height=\"150\" src=\"https:\/\/nutri.studiogastro.ch\/wp-content\/uploads\/2021\/08\/Check-list.-e1630336747428.png\" alt=\"\" class=\"wp-image-368\"\/><\/figure>\n\n\n\n<p><strong>In pratica cosa fare<\/strong><\/p>\n\n\n\n<ul>\n<li>Presentare la ricetta medica al farmacista e scegliere una confezione aromi misti ed 1 confezione neutra (in polvere o liquido gi\u00e0 pronto).<\/li>\n\n\n\n<li>Dopo aver scelto l\u2019aroma che vi piace di pi\u00f9, ordinare una o pi\u00f9 confezione (da 4 o 6 o pi\u00f9 bottigliette).<\/li>\n\n\n\n<li>Iniziare progressivamente: il primo giorno con \u00bd dose (conservare in frigorifero il prodotto in bottiglietta) e poi successivamente con 1 dose intera, sempre&nbsp;&nbsp;lontano dai pasti, a met\u00e0 mattina ed il pomeriggio.<\/li>\n<\/ul>\n\n\n\n<figure class=\"wp-block-image size-full\"><img loading=\"lazy\" decoding=\"async\" width=\"150\" height=\"150\" src=\"https:\/\/nutri.studiogastro.ch\/wp-content\/uploads\/2021\/08\/Altre-schede.-2-e1630337583371.png\" alt=\"\" class=\"wp-image-384\"\/><\/figure>\n\n\n\n<p><strong>Altre schede che potrebbero interessare<\/strong><\/p>\n\n\n\n<ul>\n<li>La Dieta Mediterranea.<\/li>\n<\/ul>\n\n\n\n<figure class=\"wp-block-image size-full\"><img loading=\"lazy\" decoding=\"async\" width=\"150\" height=\"150\" src=\"https:\/\/nutri.studiogastro.ch\/wp-content\/uploads\/2021\/08\/Senza-titolo-e1630336410237.png\" alt=\"\" class=\"wp-image-638\"\/><\/figure>\n\n\n\n<p><strong>Link e app utili<\/strong><\/p>\n\n\n\n<p>Ogni ditta ha un sito web, con le immagini dei prodotti, l\u2019uso e i vari aromi esistenti.<\/p>\n\n\n\n<p>Ad esempio:<\/p>\n\n\n\n<ul>\n<li><a href=\"http:\/\/www.xn--nestl-fsa.ch\/\">www.nestl\u00e9.ch<\/a><\/li>\n\n\n\n<li>www.omanda.ch<\/li>\n\n\n\n<li><a href=\"http:\/\/www.nutricia.ch\/\">www.nutricia.ch<\/a><\/li>\n\n\n\n<li><a href=\"http:\/\/www.abbott.ch\/\">www.abbott.ch<\/a> <\/li>\n<\/ul>\n\n\n\n<p>Informazioni nutrizionali:<\/p>\n\n\n\n<ul>\n<li><a href=\"http:\/\/www.swissmilk.ch\/\">www.swissmilk.ch<\/a>&nbsp;, in lingua italiana, francese e tedesca.<\/li>\n\n\n\n<li><a href=\"http:\/\/www.smart.ieo.it\/\">www.smart.ieo.it<\/a>&nbsp;, in lingua italiana.<\/li>\n<\/ul>\n\n\n\n<p>Per maggiori informazioni e una consulenza con la dietista dello Studiogastro&nbsp;<a href=\"https:\/\/dietista-ti.ch\/staff\/soldati-guerini-cecilia\/\">cliccate qui.<\/a><\/p>\n\n\n\n<p>Il contenuto delle schede di nutrizione e di dietetica dello StudioGastro non sostituisce il parere professionale dei medici e dei dietisti ma ne rappresenta un\u2019informazione complementare.<\/p>\n\n\n\n<p>Cecilia Soldati, Dietista StudioGastro<\/p>\n\n\n\n<p>Aggiornato: febbraio 2025<\/p>\n","protected":false},"excerpt":{"rendered":"<p>Acronimo: SNO, Sostituti Nutrizionali Orali. Quando l\u2019alimentazione non copre&nbsp;i fabbisogni nutrizionali individuali, per questioni di salute, o di terapia medica (es. intervento chirurgico,\u2026), oppure dopo un periodo di difficolt\u00e0 digestive &#8230;<\/p>\n","protected":false},"author":1,"featured_media":0,"parent":113,"menu_order":0,"comment_status":"closed","ping_status":"closed","template":"","meta":{"footnotes":""},"_links":{"self":[{"href":"https:\/\/nutri.studiogastro.ch\/index.php?rest_route=\/wp\/v2\/pages\/251"}],"collection":[{"href":"https:\/\/nutri.studiogastro.ch\/index.php?rest_route=\/wp\/v2\/pages"}],"about":[{"href":"https:\/\/nutri.studiogastro.ch\/index.php?rest_route=\/wp\/v2\/types\/page"}],"author":[{"embeddable":true,"href":"https:\/\/nutri.studiogastro.ch\/index.php?rest_route=\/wp\/v2\/users\/1"}],"replies":[{"embeddable":true,"href":"https:\/\/nutri.studiogastro.ch\/index.php?rest_route=%2Fwp%2Fv2%2Fcomments&post=251"}],"version-history":[{"count":12,"href":"https:\/\/nutri.studiogastro.ch\/index.php?rest_route=\/wp\/v2\/pages\/251\/revisions"}],"predecessor-version":[{"id":1271,"href":"https:\/\/nutri.studiogastro.ch\/index.php?rest_route=\/wp\/v2\/pages\/251\/revisions\/1271"}],"up":[{"embeddable":true,"href":"https:\/\/nutri.studiogastro.ch\/index.php?rest_route=\/wp\/v2\/pages\/113"}],"wp:attachment":[{"href":"https:\/\/nutri.studiogastro.ch\/index.php?rest_route=%2Fwp%2Fv2%2Fmedia&parent=251"}],"curies":[{"name":"wp","href":"https:\/\/api.w.org\/{rel}","templated":true}]}}