{"id":148,"date":"2021-08-08T16:05:33","date_gmt":"2021-08-08T14:05:33","guid":{"rendered":"https:\/\/nutri.studiogastro.ch\/?page_id=148"},"modified":"2024-05-05T08:49:07","modified_gmt":"2024-05-05T06:49:07","slug":"148-2","status":"publish","type":"page","link":"https:\/\/nutri.studiogastro.ch\/?page_id=148","title":{"rendered":"MICI"},"content":{"rendered":"\n<p><strong>Malattie infiammatorie croniche intestinali<\/strong><\/p>\n\n\n\n<p><strong>Acronimi:&nbsp;<\/strong>MICI o IBD in inglese. Le pi\u00f9 diffuse sono il Morbo di Crohn e la Rectocolite Ulcerosa.<\/p>\n\n\n\n<figure class=\"wp-block-image size-full\"><img loading=\"lazy\" decoding=\"async\" width=\"150\" height=\"150\" src=\"https:\/\/nutri.studiogastro.ch\/wp-content\/uploads\/2021\/08\/nutrizione-1-e1630341856137.png\" alt=\"\" class=\"wp-image-496\"\/><\/figure>\n\n\n\n<p><strong>Quale nutrizione\/dieta \u00e8 adatta in caso di MICI?<\/strong><\/p>\n\n\n\n<p>Ad oggi, medici ricercatori concordano che non esiste una dieta specifica che sia efficace per le MICI ed adatta a tutti. Si conoscono gli alimenti ed alcune sostanze che potrebbero influenzare negativamente o positivamente l\u2019evoluzione delle MICI. La capacit\u00e0 di tollerare alcuni alimenti dipende dallo stato infiammatorio intestinale del momento. Occorre quindi adattare la propria alimentazione alla situazione.<\/p>\n\n\n\n<p><strong>Step by step \u00e8 il programma nutrizionale dello StudioGastro<\/strong>. In funzione della diagnosi, della terapia e dei vostri risultati (esami e consulto medico), il programma amplia la scelta di verdure, di alimenti con fibre alimentari e prebiotiche, di alimenti energetici e ricchi in proteine. Con un menu variato e personalizzato si passa dallo step 1 (dieta leggera con poche fibre) allo step 2 (dieta mediterranea). La consistenza del cibo si adatta alla vostra digestione ed allo stato infiammatorio della mucosa intestinale: consistenza cremosa, se c\u2019\u00e8 un\u2019 infiammazione acuta; consistenza abituale, in momenti di remissione.<\/p>\n\n\n\n<p>Il modello a cui s\u2019ispira \u00e8 la&nbsp;<strong>Dieta Mediterranea<\/strong>&nbsp;con spunti colti dalla&nbsp;<strong>Dieta Nordica<\/strong>&nbsp;(Nordic diet). La consulenza dietetica \u00e8 coperta dall\u2019assicurazione di base.<\/p>\n\n\n\n<p>La dieta <strong>GrAID<\/strong> ( Groningen Antinfiammatori Diet) \u00e9 una dieta emergente per le MICI e prevede il consumo di alimenti quali i latticini ricchi in probiotici (kefir, yogurt,&#8230;), il formaggio a pasta dura, il frumento ed i cereali, la frutta e la verdura, il miele, il t\u00e9 ed il caff\u00e8 con moderazione, carne rossa e zucchero in  minor quantit\u00e0. Nella dieta GrAID  \u00e9 consigliato di evitare le bevande contenenti alcool ( anche il vino) e tutto il cibo processato ed ultra-processato.<\/p>\n\n\n\n<figure class=\"wp-block-image size-full\"><img loading=\"lazy\" decoding=\"async\" width=\"150\" height=\"150\" src=\"https:\/\/nutri.studiogastro.ch\/wp-content\/uploads\/2021\/08\/Calendario-e1630339086538.png\" alt=\"\" class=\"wp-image-497\"\/><\/figure>\n\n\n\n<p><strong>Per quanto tempo occorre seguire la dieta?<\/strong><\/p>\n\n\n\n<p>Un\u2019 alimentazione antinfiammatoria \u00e8 raccomandata sia in fase acuta, con problemi, che in fase di remissione, in buona salute.<\/p>\n\n\n\n<figure class=\"wp-block-image size-full\"><img loading=\"lazy\" decoding=\"async\" width=\"150\" height=\"150\" src=\"https:\/\/nutri.studiogastro.ch\/wp-content\/uploads\/2021\/08\/Si.-e1630337619865.png\" alt=\"\" class=\"wp-image-393\"\/><\/figure>\n\n\n\n<p><strong>Quali sono gli alimenti adatti, cosa spegne e nutre?<\/strong><\/p>\n\n\n\n<ul>\n<li>Acqua, succhi di frutta diluiti con acqua (non concentrati), succhi di verdura da estrattori e diluiti, th\u00e9, tisane.<\/li>\n\n\n\n<li>Riso per tutti i gusti: risotto giallo, riso carolina, riso basmati, riso jasmine. Crema d&#8217;avena.<\/li>\n\n\n\n<li>Pasta: pasta di mais, pasta di riso, pasta senza glutine.<\/li>\n\n\n\n<li>Patate e patate dolci: insalata di patate, purea di patate, patate al forno.<\/li>\n\n\n\n<li>Pizza: margherita con passata di pomodoro ed olio extra vergine d\u2019oliva.<\/li>\n\n\n\n<li>Panino con formaggio o con prosciutto cotto,&nbsp;pane bruschetta, pane bianco e bigio (preferibilmente a lievitazione lenta o tostato) fette biscottate.<\/li>\n\n\n\n<li>Carote e verdura: inizialmente poca verdura cotta, solo carote se transito intestinale accellerato. Poi progressivamente tutta la verdura. Iniziare con zucchine, con zucca, con il verde delle coste, con sedano rapa, cuore di carciofo, passata pomodoro, barbabietola cotta.&nbsp;<\/li>\n<\/ul>\n\n\n\n<ul>\n<li>Banane: anche chips di banana, frapp\u00e9 con banana, cake di banana.<\/li>\n\n\n\n<li>Frutta: inizialmente in purea con banana oppure se consumata fuori casa, cotta o sbucciata e senza semi. Iniziare con mela, pera, polpa di mandarini, pesca, coulis di lamponi o di fragole o di mirtilli e, progressivamente, tutta la frutta e la verdura fresca di stagione, preferibilmente sbucciata.<\/li>\n\n\n\n<li>Olio Extra Vergine d&#8217;Oliva (olio EVO).<\/li>\n\n\n\n<li>Crema di pistacchio, di noci e di mandorle nella fase iniziale per poi procedere progressivamente al loro consumo come frutta secca intera.<\/li>\n\n\n\n<li>Pollo e tacchino: fettine, sminuzzato, cosce di pollo, spiedini.<\/li>\n\n\n\n<li>Uova: solo ben cotte! Sode o frittata.<\/li>\n\n\n\n<li>Carne: sugo leggero con carne macinata, poca cipolla o aglio. Hamburger: meglio fatto in&nbsp;casa, preparato fresco con contorno di patate al forno sbucciate. Limitare il consumo di carne rossa al massimo 2 volte la settimana.<\/li>\n\n\n\n<li>Pesce: al forno, al tegame. Merluzzo, tonno, salmone, orata, filetti di passera di mare. Meglio non fritto e non impanato e soprattutto NON crudo.<\/li>\n\n\n\n<li>Polpette di lenticchie o di ceci preparate in casa con purea ben cotta e passata (meno fibre alimentari grezze).&nbsp;<\/li>\n\n\n\n<li>Formaggi: formaggio stagionato, al naturale, formaggio fresco, mozzarella di bufala.&nbsp;<\/li>\n\n\n\n<li>Yogurt, quark, ricotta e skyr: al naturale o senza additivi, preferibilmente senza lattosio in fase acuta.<\/li>\n\n\n\n<li>Miele, sciroppo d\u2019agave (contiene inulina,  prebiotico che nutre il Microbiota). <\/li>\n\n\n\n<li>Cacao e cioccolata nera.<\/li>\n<\/ul>\n\n\n\n<figure class=\"wp-block-image size-full\"><img loading=\"lazy\" decoding=\"async\" width=\"150\" height=\"150\" src=\"https:\/\/nutri.studiogastro.ch\/wp-content\/uploads\/2021\/08\/Fiamma-e1630338764503.png\" alt=\"\" class=\"wp-image-475\"\/><\/figure>\n\n\n\n<p><strong>Quali sono gli alimenti da evitare, cosa infiamma?<\/strong><\/p>\n\n\n\n<ul>\n<li>Fumo.<\/li>\n\n\n\n<li>Caffeina.<\/li>\n\n\n\n<li>Eccesso di grassi e zuccheri : cibi fritti sia salati che dolci, merendine, caramelle.<\/li>\n\n\n\n<li>Bevande zuccherate e gassate (sodas).<\/li>\n\n\n\n<li>Superalcolici.<\/li>\n\n\n\n<li>Additivi, edulcoranti artificiali.<\/li>\n\n\n\n<li>Virus e batteri nel cibo sono ospiti indesiderati: cibo crudo, non ben cotto ed insaccati.<\/li>\n<\/ul>\n\n\n\n<figure class=\"wp-block-image size-full\"><img loading=\"lazy\" decoding=\"async\" width=\"150\" height=\"150\" src=\"https:\/\/nutri.studiogastro.ch\/wp-content\/uploads\/2021\/08\/Cervello-idea-3-e1630336117254.png\" alt=\"\" class=\"wp-image-668\"\/><\/figure>\n\n\n\n<p><strong>In pratica, cosa fare<\/strong><\/p>\n\n\n\n<ul>\n<li>Pianificare in anticipo il proprio menu.<\/li>\n\n\n\n<li>Tenere in casa delle piccole scorte di prodotti a lunga conservazione e di prodotti surgelati, preparati da voi. Ad esempio succhi di frutta, fette biscottate, crema di verdura congelata, carote cotte, sugo bolognese, purea di frutta e vasetti di mele cotte, merluzzo cotto al forno con passata di pomodoro ed olive.<\/li>\n\n\n\n<li>Condire con aromi freschi: un\u2019alimentazione antinfiammatoria \u00e8 gustosa e colorata.<\/li>\n<\/ul>\n\n\n\n<figure class=\"wp-block-image size-full\"><img loading=\"lazy\" decoding=\"async\" width=\"150\" height=\"150\" src=\"https:\/\/nutri.studiogastro.ch\/wp-content\/uploads\/2021\/08\/Altre-schede.-2-e1630337583371.png\" alt=\"\" class=\"wp-image-384\"\/><\/figure>\n\n\n\n<p><strong>Altre schede interessanti<\/strong><\/p>\n\n\n\n<ul>\n<li>La Dieta Mediterranea.<\/li>\n\n\n\n<li>Le sostanze bioattive e gli alimenti funzionali.<\/li>\n\n\n\n<li>Il microbiota.<\/li>\n\n\n\n<li>Menu povero in fibre.<\/li>\n<\/ul>\n\n\n\n<figure class=\"wp-block-image size-full\"><img loading=\"lazy\" decoding=\"async\" width=\"150\" height=\"150\" src=\"https:\/\/nutri.studiogastro.ch\/wp-content\/uploads\/2021\/08\/Senza-titolo-e1630336410237.png\" alt=\"\" class=\"wp-image-638\"\/><\/figure>\n\n\n\n<p><strong>Link e app utili<\/strong><\/p>\n\n\n\n<ul>\n<li><a href=\"http:\/\/www. afa.asso.fr\" data-type=\"URL\" data-id=\"www. afa.asso.fr\">www.afa.asso.fr<\/a>&nbsp;(in francese); &nbsp;<a href=\"http:\/\/www.crohnsandcolitis.com.au\/\">www.crohnsandcolitis.com.au<\/a>&nbsp;(in inglese, Australia)<\/li>\n\n\n\n<li><a href=\"http:\/\/www.smccv.ch\/\">www.smccv.ch<\/a>&nbsp;(in tedesco);&nbsp;&nbsp;<a href=\"http:\/\/www.crohnsandcolitisfoundation.org\/\">www.crohnsandcolitisfoundation.org<\/a>&nbsp;(in inglese USA)<\/li>\n\n\n\n<li><a href=\"http:\/\/www.amiciitalia.eu\/\">www.amiciitalia.eu<\/a>&nbsp;(in italiano); &nbsp;&nbsp;<a href=\"http:\/\/www.crohnsandcolitis.org.uk\/\">www.crohnsandcolitis.org.uk<\/a>&nbsp;(in inglese)&nbsp;<\/li>\n\n\n\n<li><a href=\"http:\/\/www.la-mia-vita-con-ibd.ch\">www.la-mia-vita-con-ibd.ch<\/a> (italiano, tedesco e francese)<\/li>\n\n\n\n<li><a href=\"http:\/\/www.medi-lite.com\/\">www.Medi-lite.com<\/a>&nbsp;&nbsp;(in italiano): quiz per valutare la propria adesione al modello \u201cdieta mediterranea\u201d.<\/li>\n\n\n\n<li><a href=\"https:\/\/liverlighter.com.au\/\">www.liverlighter.com.au<\/a>&nbsp;(in italiano):&nbsp;calcolatore per il consumo dei \u201cjunkfood\u201d.<\/li>\n\n\n\n<li><a href=\"http:\/\/www.dietista-ti.ch\" data-type=\"URL\" data-id=\"www.dietista-ti.ch\">www.dietista-ti.ch<\/a>   Gruppo dietiste indipendenti Ticino<\/li>\n\n\n\n<li>www.crohn-colitis.ch <\/li>\n<\/ul>\n\n\n\n<p>Per maggiori informazioni<a href=\"http:\/\/www.dietista-ti.ch\" data-type=\"URL\" data-id=\"www.dietista-ti.ch\"> <\/a>e una consulenza con la dietista dello Studiogastro&nbsp;<a href=\"https:\/\/dietista-ti.ch\/staff\/soldati-guerini-cecilia\/\">cliccate qui<\/a>.<\/p>\n\n\n\n<p>Il contenuto delle schede di nutrizione e di dietetica dello StudioGastro non sostituisce il parere professionale dei medici e dei dietisti ma ne rappresenta un\u2019informazione complementare.<\/p>\n\n\n\n<p>Cecilia Soldati, Dietista StudioGastro<\/p>\n\n\n\n<p>Aggiornato marzo 2024<\/p>\n","protected":false},"excerpt":{"rendered":"<p>Malattie infiammatorie croniche intestinali Acronimi:&nbsp;MICI o IBD in inglese. Le pi\u00f9 diffuse sono il Morbo di Crohn e la Rectocolite Ulcerosa. Quale nutrizione\/dieta \u00e8 adatta in caso di MICI? Ad &#8230;<\/p>\n","protected":false},"author":1,"featured_media":0,"parent":115,"menu_order":0,"comment_status":"closed","ping_status":"closed","template":"","meta":{"footnotes":""},"_links":{"self":[{"href":"https:\/\/nutri.studiogastro.ch\/index.php?rest_route=\/wp\/v2\/pages\/148"}],"collection":[{"href":"https:\/\/nutri.studiogastro.ch\/index.php?rest_route=\/wp\/v2\/pages"}],"about":[{"href":"https:\/\/nutri.studiogastro.ch\/index.php?rest_route=\/wp\/v2\/types\/page"}],"author":[{"embeddable":true,"href":"https:\/\/nutri.studiogastro.ch\/index.php?rest_route=\/wp\/v2\/users\/1"}],"replies":[{"embeddable":true,"href":"https:\/\/nutri.studiogastro.ch\/index.php?rest_route=%2Fwp%2Fv2%2Fcomments&post=148"}],"version-history":[{"count":22,"href":"https:\/\/nutri.studiogastro.ch\/index.php?rest_route=\/wp\/v2\/pages\/148\/revisions"}],"predecessor-version":[{"id":1255,"href":"https:\/\/nutri.studiogastro.ch\/index.php?rest_route=\/wp\/v2\/pages\/148\/revisions\/1255"}],"up":[{"embeddable":true,"href":"https:\/\/nutri.studiogastro.ch\/index.php?rest_route=\/wp\/v2\/pages\/115"}],"wp:attachment":[{"href":"https:\/\/nutri.studiogastro.ch\/index.php?rest_route=%2Fwp%2Fv2%2Fmedia&parent=148"}],"curies":[{"name":"wp","href":"https:\/\/api.w.org\/{rel}","templated":true}]}}